{"id":47,"date":"2022-11-21T20:41:22","date_gmt":"2022-11-21T20:41:22","guid":{"rendered":"https:\/\/anwaltskanzlei-eshrefi.ch\/?page_id=47"},"modified":"2023-05-20T18:38:48","modified_gmt":"2023-05-20T18:38:48","slug":"datenschutz","status":"publish","type":"page","link":"https:\/\/anwaltskanzlei-eshrefi.ch\/sq\/datenschutz\/","title":{"rendered":"Datenschutz"},"content":{"rendered":"<div data-elementor-type=\"wp-page\" data-elementor-id=\"47\" class=\"elementor elementor-47\" data-elementor-post-type=\"page\">\n\t\t\t\t\t\t\t<div class=\"elementor-element elementor-element-8a155e9 e-flex e-con-boxed e-con e-parent\" data-id=\"8a155e9\" data-element_type=\"container\" data-settings=\"{&quot;container_type&quot;:&quot;flex&quot;,&quot;content_width&quot;:&quot;boxed&quot;}\" data-core-v316-plus=\"true\">\n\t\t\t\t\t<div class=\"e-con-inner\">\n\t\t\t\t<div class=\"elementor-element elementor-element-44edef7 elementor-widget elementor-widget-text-editor\" data-id=\"44edef7\" data-element_type=\"widget\" data-widget_type=\"text-editor.default\">\n\t\t\t\t<div class=\"elementor-widget-container\">\n\t\t\t<style>\/*! elementor - v3.17.0 - 08-11-2023 *\/\n.elementor-widget-text-editor.elementor-drop-cap-view-stacked .elementor-drop-cap{background-color:#69727d;color:#fff}.elementor-widget-text-editor.elementor-drop-cap-view-framed .elementor-drop-cap{color:#69727d;border:3px solid;background-color:transparent}.elementor-widget-text-editor:not(.elementor-drop-cap-view-default) .elementor-drop-cap{margin-top:8px}.elementor-widget-text-editor:not(.elementor-drop-cap-view-default) .elementor-drop-cap-letter{width:1em;height:1em}.elementor-widget-text-editor .elementor-drop-cap{float:left;text-align:center;line-height:1;font-size:50px}.elementor-widget-text-editor .elementor-drop-cap-letter{display:inline-block}<\/style>\t\t\t\t<p>In dieser Datenschutzerkl\u00e4rung erl\u00e4utern wir, die Anwaltskanzlei Eshrefi, wie wir Personendaten erheben und sonst bearbeiten. Das ist keine abschliessende Beschreibung; allenfalls regeln andere Datenschutzerkl\u00e4rungen spezifische Sachverhalte. Unter Personendaten werden alle Angaben verstanden, die sich auf eine bestimmte oder bestimmbare Person beziehen.<\/p><p>Wenn Sie uns Personendaten anderer Personen (z.B. Familienmitglieder, Daten von Arbeitskollegen) zur Verf\u00fcgung stellen, stellen Sie bitte sicher, dass diese Personen die vorliegende Datenschutzerkl\u00e4rung kennen und teilen Sie uns deren Personendaten nur mit, wenn Sie dies d\u00fcrfen und wenn diese Personendaten korrekt sind.<\/p><p>Diese Datenschutzerkl\u00e4rung ist auf die Anforderungen der EU-Datenschutz-Grundverordnung (\u00ab<strong>DSGVO<\/strong>\u00bb), das Schweizer Datenschutzgesetz (\u00ab<strong>DSG<\/strong>\u00bb) und das revidierte Schweizer Datenschutzgesetz (\u00ab<strong>revDSG<\/strong>\u00bb) ausgelegt. Ob und inwieweit diese Gesetze anwendbar sind, h\u00e4ngt jedoch vom Einzelfall ab.<\/p><h4><strong>Verantwortlicher \/ Datenschutzbeauftrager \/ Vertreter<\/strong><\/h4><p>Verantwortlich f\u00fcr die Datenbearbeitungen, die wir hier beschreiben, ist Anwaltskanzlei Eshrefi, Z\u00fcrcherstrasse 46, 8406 Winterthur, soweit im Einzelfall nichts anderes angegeben ist. Wenn Sie datenschutzrechtliche Anliegen haben, k\u00f6nnen Sie uns diese an folgende Kontaktadresse mitteilen:<\/p><p>Anwaltskanzlei Eshrefi<br \/>Z\u00fcrcherstrasse 46<br \/>8406 Winterthur<\/p><p>E-Mail: info@anwaltskanzlei-eshrefi.ch<\/p><h4><strong>Welche personenbezogenen Daten wir sammeln und warum wir sie sammeln<\/strong><\/h4><p>Wenn Sie auf diese Webseite zugreifen werden automatisch Informationen allgemeiner Natur erfasst. Diese Informationen werden im Server-Logfile erfasst und beinhalten die Art des Webbrowsers, das verwendete Betriebssystem, den Domainnamen Ihres Internet-Service-Providers, Ihre IP-Adresse und \u00e4hnliches.<\/p><p>Dies aus folgendem Grund:<\/p><ul><li>Sicherstellung eines problemlosen Verbindungsaufbaus der Website<\/li><li>Sicherstellung einer reibungslosen Nutzung unserer Website<\/li><li>Auswertung der Systemsicherheit und -stabilit\u00e4t sowie<\/li><li>zu weiteren administrativen Zwecken<\/li><\/ul><p>Ihre Daten werden nicht verwendet, um R\u00fcckschl\u00fcsse auf Ihre Person zu ziehen. Informationen dieser Art werden lediglich statistisch ausgewertet, um unseren Internetauftritt und die dahinterstehende Technik zu optimieren.<\/p><h4><strong>Speicherdauer<\/strong><\/h4><p>Die Daten werden gel\u00f6scht, sobald diese f\u00fcr den Zweck der Erhebung nicht mehr erforderlich sind. Dies ist f\u00fcr die Daten, die der Bereitstellung der Webseite dienen, grunds\u00e4tzlich der Fall, wenn die jeweilige Sitzung beendet ist.<\/p><h4><strong>Medien<\/strong><\/h4><p>Wenn Sie ein registrierter Benutzer sind und Fotos auf diese Website laden, sollten Sie vermeiden, Fotos mit einem EXIF-GPS-Standort hochzuladen. Besucher dieser Website k\u00f6nnten Fotos, die auf dieser Website gespeichert sind, downloaden und deren Standort-Informationen extrahieren.<\/p><h4><strong>Kontaktformulare<\/strong><\/h4><p>Die von Ihnen eingegebenen Daten werden zum Zweck der individuellen Kommunikation mit Ihnen gespeichert. Hierf\u00fcr ist die Angabe einer validen E-Mail-Adresse sowie Ihres Namens erforderlich. Diese dient der Zuordnung der Anfrage und der anschlie\u00dfenden Beantwortung derselben. Die Angabe weiterer Daten ist optional.<\/p><h4><strong>Cookies<\/strong><\/h4><p>Wenn Sie einen Kommentar auf unserer Website schreiben, kann das eine Einwilligung sein, Ihren Namen, E-Mail-Adresse und Website in Cookies zu speichern. Dies ist eine Komfortfunktion, damit Sie nicht, wenn Sie einen weiteren Kommentar schreiben, all diese Daten erneut eingeben m\u00fcssen. Diese Cookies werden ein Jahr lang gespeichert.<\/p><p>Falls Sie ein Konto haben und Sie sich auf dieser Website anmelden, werden wir ein tempor\u00e4res Cookie setzen, um festzustellen, ob Ihr Browser Cookies akzeptiert. Dieses Cookie enth\u00e4lt keine personenbezogenen Daten und wird verworfen, wenn Sie Ihren Browser schliessen.<\/p><p>Wenn Sie sich anmelden, werden wir einige Cookies einrichten, um Ihre Anmeldeinformationen und Anzeigeoptionen zu speichern. Anmelde-Cookies verfallen nach zwei Tagen und Cookies f\u00fcr die Anzeigeoptionen nach einem Jahr. Falls Sie bei der Anmeldung \u201eAngemeldet bleiben\u201c ausw\u00e4hlen, wird Ihre Anmeldung zwei Wochen lang aufrechterhalten. Mit der Abmeldung aus Ihrem Konto werden die Anmelde-Cookies gel\u00f6scht.<\/p><p>Wenn Sie einen Artikel bearbeiten oder ver\u00f6ffentlichen, wird ein zus\u00e4tzlicher Cookie in Ihrem Browser gespeichert. Dieser Cookie enth\u00e4lt keine personenbezogenen Daten und verweist nur auf die Beitrags-ID des Artikels, den Sie gerade bearbeitet haben. Der Cookie verf\u00e4llt nach einem Tag.<\/p><h4><strong>Verwendung von Scriptbibliotheken (Google Webfonts)<\/strong><\/h4><p>Um unsere Inhalte browser\u00fcbergreifend korrekt und grafisch ansprechend darzustellen, verwenden wir auf dieser Website \u201eGoogle Web Fonts\u201c der Google LLC (1600 Amphitheatre Parkway, Mountain View, CA 94043, USA; nachfolgend \u201eGoogle\u201c) zur Darstellung von Schriften.<\/p><p>Die Datenschutzrichtlinie des Bibliothekbetreibers Google finden Sie hier:\u00a0<a href=\"https:\/\/www.google.com\/policies\/privacy\/\">https:\/\/www.google.com\/policies\/privacy\/<\/a><\/p><h4><strong>Eingebettete Inhalte von anderen Websites<\/strong><\/h4><p>Beitr\u00e4ge auf dieser Website k\u00f6nnen eingebettete Inhalte beinhalten (z.\u00a0B. Videos, Bilder, Beitr\u00e4ge etc.). Eingebettete Inhalte von anderen Websites verhalten sich exakt so, als ob der Besucher die andere Website besucht h\u00e4tte.<\/p><p>Diese Websites k\u00f6nnen Daten \u00fcber Sie sammeln, Cookies benutzen, zus\u00e4tzliche Tracking-Dienste von Dritten einbetten und Ihre Interaktion mit diesem eingebetteten Inhalt aufzeichnen, inklusive Ihrer Interaktion mit dem eingebetteten Inhalt, falls Sie ein Konto haben und auf dieser Website angemeldet sind.<\/p><h4><strong>Verwendung von Google Analytics<\/strong><\/h4><p>Diese Website benutzt Google Analytics, einen Webanalysedienst der Google LLC, 1600 Amphitheatre Parkway, Mountain View, CA 94043 USA (nachfolgend: \u201eGoogle\u201c). Google Analytics verwendet sog. \u201eCookies\u201c, also Textdateien, die auf Ihrem Computer gespeichert werden und die eine Analyse der Benutzung der Webseite durch Sie erm\u00f6glichen. Die durch das Cookie erzeugten Informationen \u00fcber Ihre Benutzung dieser Webseite werden in der Regel an einen Server von Google in den USA \u00fcbertragen und dort gespeichert. Aufgrund der Aktivierung der IP-Anonymisierung auf diesen Webseiten, wird Ihre IP-Adresse von Google jedoch innerhalb von Mitgliedstaaten der Europ\u00e4ischen Union oder in anderen Vertragsstaaten des Abkommens \u00fcber den Europ\u00e4ischen Wirtschaftsraum zuvor gek\u00fcrzt. Nur in Ausnahmef\u00e4llen wird die volle IP-Adresse an einen Server von Google in den USA \u00fcbertragen und dort gek\u00fcrzt. Im Auftrag des Betreibers dieser Website wird Google diese Informationen benutzen, um Ihre Nutzung der Webseite auszuwerten, um Reports \u00fcber die Webseitenaktivit\u00e4ten zusammenzustellen und um weitere mit der Websitenutzung und der Internetnutzung verbundene Dienstleistungen gegen\u00fcber dem Webseitenbetreiber zu erbringen. Die im Rahmen von Google Analytics von Ihrem Browser \u00fcbermittelte IP-Adresse wird nicht mit anderen Daten von Google zusammengef\u00fchrt.<\/p><p>Die Zwecke der Datenverarbeitung liegen in der Auswertung der Nutzung der Website und in der Zusammenstellung von Reports \u00fcber Aktivit\u00e4ten auf der Website. Auf Grundlage der Nutzung der Website und des Internets sollen dann weitere verbundene Dienstleistungen erbracht werden.<\/p><h4><strong>Datenschutzerkl\u00e4rung f\u00fcr die Nutzung von Twitter<\/strong><\/h4><p>Auf unseren Seiten sind Funktionen des Dienstes Twitter eingebunden. Diese Funktionen werden angeboten durch die Twitter Inc., 795 Folsom St., Suite 600, San Francisco, CA 94107, USA. Durch das Benutzen von Twitter und der Funktion \u201eRe-Tweet\u201c werden die von Ihnen besuchten Webseiten mit Ihrem Twitter-Account verkn\u00fcpft und anderen Nutzern bekannt gegeben. Dabei werden u.a. Daten wie IP-Adresse, Browsertyp, aufgerufene Domains, besuchte Seiten, Mobilfunkanbieter, Ger\u00e4te- und Applikations-IDs und Suchbegriffe an Twitter \u00fcbertragen.<\/p><p>Wir weisen darauf hin, dass wir als Anbieter der Seiten keine Kenntnis vom Inhalt der \u00fcbermittelten Daten sowie deren Nutzung durch Twitter erhalten. Aufgrund laufender Aktualisierung der Datenschutzerkl\u00e4rung von Twitter, weisen wir auf die aktuellste Version unter (http:\/\/twitter.com\/privacy) hin.<\/p><p>Ihre Datenschutzeinstellungen bei Twitter k\u00f6nnen Sie in den Konto-Einstellungen unter http:\/\/twitter.com\/account\/settings \u00e4ndern. Bei Fragen wenden Sie sich an privacy@twitter.com.<\/p><h4><strong>Verwendung von Google Maps<\/strong><\/h4><p>Auf dieser Webseite nutzen wir das Angebot von Google Maps. Google Maps wird von Google LLC, 1600 Amphitheatre Parkway, Mountain View, CA 94043, USA (nachfolgend \u201eGoogle\u201c) betrieben. Dadurch k\u00f6nnen wir Ihnen interaktive Karten direkt in der Webseite anzeigen und erm\u00f6glichen Ihnen die komfortable Nutzung der Karten-Funktion.<\/p><p>N\u00e4here Informationen \u00fcber die Datenverarbeitung durch Google k\u00f6nnen Sie\u00a0<a href=\"http:\/\/www.google.com\/privacypolicy.html\">den Google-Datenschutzhinweisen<\/a>\u00a0entnehmen. Dort k\u00f6nnen Sie im Datenschutzcenter auch Ihre pers\u00f6nlichen Datenschutz-Einstellungen ver\u00e4ndern.<\/p><h4><strong>Eingebettete YouTube-Videos<\/strong><\/h4><p>Auf einigen unserer Webseiten betten wir YouTube-Videos ein. Betreiber der entsprechenden Plugins ist die YouTube, LLC, 901 Cherry Ave., San Bruno, CA 94066, USA (nachfolgend \u201eYouTube\u201c). Wenn Sie eine Seite mit dem YouTube-Plugin besuchen, wird eine Verbindung zu Servern von YouTube hergestellt. Dabei wird YouTube mitgeteilt, welche Seiten Sie besuchen. Wenn Sie in Ihrem YouTube-Account eingeloggt sind, kann YouTube Ihr Surfverhalten Ihnen pers\u00f6nlich zuzuordnen. Dies verhindern Sie, indem Sie sich vorher aus Ihrem YouTube-Account ausloggen.<\/p><p>Wird ein YouTube-Video gestartet, setzt der Anbieter Cookies ein, die Hinweise \u00fcber das Nutzerverhalten sammeln.<\/p><h4><strong>Wie lange wir Ihre Daten speichern<\/strong><\/h4><p>Wenn Sie einen Kommentar schreiben, wird dieser inklusive Metadaten zeitlich unbegrenzt gespeichert. Auf diese Art k\u00f6nnen wir Folgekommentare automatisch erkennen und freigeben, anstelle sie in einer Moderations-Warteschlange festzuhalten.<\/p><p>F\u00fcr Benutzer, die sich auf unserer Website registrieren, speichern wir zus\u00e4tzlich die pers\u00f6nlichen Informationen, die sie in ihren Benutzerprofilen angeben. Alle Benutzer k\u00f6nnen jederzeit ihre pers\u00f6nlichen Informationen einsehen, ver\u00e4ndern oder l\u00f6schen (der Benutzername kann nicht ver\u00e4ndert werden). Administratoren der Website k\u00f6nnen diese Informationen ebenfalls einsehen und ver\u00e4ndern.<\/p><h4><strong>Welche Rechte Sie an Ihren Daten haben<\/strong><\/h4><p>Wenn Sie ein Konto auf dieser Website besitzen oder Kommentare geschrieben haben, k\u00f6nnen Sie einen Export Ihrer personenbezogenen Daten bei uns anfordern, inklusive aller Daten, die Sie uns mitgeteilt haben. Dar\u00fcber hinaus k\u00f6nnen Sie die L\u00f6schung aller personenbezogenen Daten, die wir von Ihnen gespeichert haben, anfordern. Dies umfasst nicht die Daten, die wir aufgrund administrativer, rechtlicher oder sicherheitsrelevanter Notwendigkeiten aufbewahren m\u00fcssen.<\/p><h4><strong>Wohin wir Ihre Daten senden<\/strong><\/h4><p>Besucher-Kommentare k\u00f6nnten von einem automatisierten Dienst zur Spam-Erkennung untersucht werden.<\/p><h4><strong>Social Plugins<\/strong><\/h4><p>Auf unseren Webseiten werden Socialmedia Plugins eingesetzt.\u00a0\u00dcber diese Plugins werden unter Umst\u00e4nden Informationen, zu denen auch personenbezogene Daten geh\u00f6ren k\u00f6nnen, an den Dienstebetreiber gesendet und ggf. von diesem genutzt. Wir verhindern die unbewusste und ungewollte Erfassung und \u00dcbertragung von Daten an den Diensteanbieter durch eine 2-Klick-L\u00f6sung. Um ein gew\u00fcnschtes Social Plugin zu aktivieren, muss dieses erst durch Klick auf den entsprechenden Schalter aktiviert werden. Erst durch diese Aktivierung des Plugins wird auch die Erfassung von Informationen und deren \u00dcbertragung an den Diensteanbieter ausgel\u00f6st. Wir erfassen selbst keine personenbezogenen Daten mittels der Social Plugins oder \u00fcber deren Nutzung.<\/p><p>Wir haben keinen Einfluss darauf, welche Daten ein aktiviertes Plugin erfasst und wie diese durch den Anbieter verwendet werden. Derzeit muss davon ausgegangen werden, dass eine direkte Verbindung zu den Diensten des Anbieters ausgebaut wird sowie mindestens die IP-Adresse und ger\u00e4tebezogene Informationen erfasst und genutzt werden. Ebenfalls besteht die M\u00f6glichkeit, dass die Diensteanbieter versuchen, Cookies auf dem verwendeten Rechner zu speichern. Welche konkreten Daten hierbei erfasst und wie diese genutzt werden, entnehmen Sie bitte den Datenschutzhinweisen des jeweiligen Diensteanbieters. Falls Sie zeitgleich bei Facebook angemeldet sind, kann Facebook Sie als Besucher einer bestimmten Seite identifizieren.<\/p><h4><strong>SSL-Verschl\u00fcsselung<\/strong><\/h4><p>Um die Sicherheit Ihrer Daten bei der \u00dcbertragung zu sch\u00fctzen, verwenden wir dem aktuellen Stand der Technik entsprechende Verschl\u00fcsselungsverfahren (z. B. SSL) \u00fcber HTTPS.<\/p><h4><strong>\u00c4nderungen<\/strong><\/h4><p>Wir k\u00f6nnen diese Datenschutzerkl\u00e4rung jederzeit ohne Vorank\u00fcndigung anpassen. Es gilt die jeweils aktuelle, auf unserer Website publizierte Fassung.<\/p><h4><strong>Fragen an den Datenschutzbeauftragten<\/strong><\/h4><p>Wenn Sie Fragen zum Datenschutz haben, schreiben Sie uns bitte eine E-Mail oder wenden Sie sich direkt an die f\u00fcr den Datenschutz zu Beginn der Datenschutzerkl\u00e4rung aufgef\u00fchrten, verantwortlichen Person in unserer Organisation.<\/p><p>Winterthur, 20.05.2023<\/p>\t\t\t\t\t\t<\/div>\n\t\t\t\t<\/div>\n\t\t\t\t\t<\/div>\n\t\t\t\t<\/div>\n\t\t\t\t\t\t\t<\/div>","protected":false},"excerpt":{"rendered":"<p>In dieser Datenschutzerkl\u00e4rung erl\u00e4utern wir, die Anwaltskanzlei Eshrefi, wie wir Personendaten erheben und sonst bearbeiten. Das ist keine abschliessende Beschreibung; allenfalls regeln andere Datenschutzerkl\u00e4rungen spezifische Sachverhalte. Unter Personendaten werden alle Angaben verstanden, die sich auf eine bestimmte oder bestimmbare Person beziehen. Wenn Sie uns Personendaten anderer Personen (z.B. Familienmitglieder, Daten von Arbeitskollegen) zur Verf\u00fcgung stellen, [&hellip;]<\/p>","protected":false},"author":1,"featured_media":0,"parent":0,"menu_order":0,"comment_status":"closed","ping_status":"closed","template":"","meta":{"footnotes":""},"class_list":["post-47","page","type-page","status-publish","hentry"],"_links":{"self":[{"href":"https:\/\/anwaltskanzlei-eshrefi.ch\/sq\/wp-json\/wp\/v2\/pages\/47","targetHints":{"allow":["GET"]}}],"collection":[{"href":"https:\/\/anwaltskanzlei-eshrefi.ch\/sq\/wp-json\/wp\/v2\/pages"}],"about":[{"href":"https:\/\/anwaltskanzlei-eshrefi.ch\/sq\/wp-json\/wp\/v2\/types\/page"}],"author":[{"embeddable":true,"href":"https:\/\/anwaltskanzlei-eshrefi.ch\/sq\/wp-json\/wp\/v2\/users\/1"}],"replies":[{"embeddable":true,"href":"https:\/\/anwaltskanzlei-eshrefi.ch\/sq\/wp-json\/wp\/v2\/comments?post=47"}],"version-history":[{"count":8,"href":"https:\/\/anwaltskanzlei-eshrefi.ch\/sq\/wp-json\/wp\/v2\/pages\/47\/revisions"}],"predecessor-version":[{"id":2765,"href":"https:\/\/anwaltskanzlei-eshrefi.ch\/sq\/wp-json\/wp\/v2\/pages\/47\/revisions\/2765"}],"wp:attachment":[{"href":"https:\/\/anwaltskanzlei-eshrefi.ch\/sq\/wp-json\/wp\/v2\/media?parent=47"}],"curies":[{"name":"wp","href":"https:\/\/api.w.org\/{rel}","templated":true}]}}