{"id":2306,"date":"2024-04-25T14:53:03","date_gmt":"2024-04-25T14:53:03","guid":{"rendered":"https:\/\/anwaltskanzlei-eshrefi.ch\/?page_id=2306"},"modified":"2025-01-06T14:51:19","modified_gmt":"2025-01-06T14:51:19","slug":"lic-iur-anol-eshrefi","status":"publish","type":"page","link":"https:\/\/anwaltskanzlei-eshrefi.ch\/sq\/team\/lic-iur-anol-eshrefi\/","title":{"rendered":"lic.iur. Anol Eshrefi"},"content":{"rendered":"<div data-elementor-type=\"wp-page\" data-elementor-id=\"2306\" class=\"elementor elementor-2306\" data-elementor-post-type=\"page\">\n\t\t\t\t\t\t\t<div class=\"elementor-element elementor-element-01b1075 e-flex e-con-boxed e-con e-parent\" data-id=\"01b1075\" data-element_type=\"container\" data-settings=\"{&quot;background_background&quot;:&quot;classic&quot;,&quot;container_type&quot;:&quot;flex&quot;,&quot;content_width&quot;:&quot;boxed&quot;}\" data-core-v316-plus=\"true\">\n\t\t\t\t\t<div class=\"e-con-inner\">\n\t\t\t\t<div class=\"elementor-element elementor-element-60afabc elementor-widget elementor-widget-heading\" data-id=\"60afabc\" data-element_type=\"widget\" data-widget_type=\"heading.default\">\n\t\t\t\t<div class=\"elementor-widget-container\">\n\t\t\t<style>\/*! elementor - v3.17.0 - 08-11-2023 *\/\n.elementor-heading-title{padding:0;margin:0;line-height:1}.elementor-widget-heading .elementor-heading-title[class*=elementor-size-]>a{color:inherit;font-size:inherit;line-height:inherit}.elementor-widget-heading .elementor-heading-title.elementor-size-small{font-size:15px}.elementor-widget-heading .elementor-heading-title.elementor-size-medium{font-size:19px}.elementor-widget-heading .elementor-heading-title.elementor-size-large{font-size:29px}.elementor-widget-heading .elementor-heading-title.elementor-size-xl{font-size:39px}.elementor-widget-heading .elementor-heading-title.elementor-size-xxl{font-size:59px}<\/style><h1 class=\"elementor-heading-title elementor-size-default\"><a href=\"https:\/\/anwaltskanzlei-eshrefi.ch\/sq\/team\/\">Team<\/a><\/h1>\t\t<\/div>\n\t\t\t\t<\/div>\n\t\t\t\t<div class=\"elementor-element elementor-element-92e8cf2 elementor-hidden-mobile elementor-view-default elementor-widget elementor-widget-icon\" data-id=\"92e8cf2\" data-element_type=\"widget\" data-widget_type=\"icon.default\">\n\t\t\t\t<div class=\"elementor-widget-container\">\n\t\t\t\t\t<div class=\"elementor-icon-wrapper\">\n\t\t\t<div class=\"elementor-icon\">\n\t\t\t<i aria-hidden=\"true\" class=\"fas fa-angle-right\"><\/i>\t\t\t<\/div>\n\t\t<\/div>\n\t\t\t\t<\/div>\n\t\t\t\t<\/div>\n\t\t\t\t<div class=\"elementor-element elementor-element-62995ea elementor-widget elementor-widget-heading\" data-id=\"62995ea\" data-element_type=\"widget\" data-widget_type=\"heading.default\">\n\t\t\t\t<div class=\"elementor-widget-container\">\n\t\t\t<h1 class=\"elementor-heading-title elementor-size-default\">RA lic. iur. Anol Eshrefi<\/h1>\t\t<\/div>\n\t\t\t\t<\/div>\n\t\t\t\t\t<\/div>\n\t\t\t\t<\/div>\n\t\t<div class=\"elementor-element elementor-element-8dd385a e-flex e-con-boxed e-con e-parent\" data-id=\"8dd385a\" data-element_type=\"container\" data-settings=\"{&quot;container_type&quot;:&quot;flex&quot;,&quot;content_width&quot;:&quot;boxed&quot;}\" data-core-v316-plus=\"true\">\n\t\t\t\t\t<div class=\"e-con-inner\">\n\t\t\t\t<div class=\"elementor-element elementor-element-856a9a3 elementor-widget elementor-widget-text-editor\" data-id=\"856a9a3\" data-element_type=\"widget\" data-widget_type=\"text-editor.default\">\n\t\t\t\t<div class=\"elementor-widget-container\">\n\t\t\t<style>\/*! elementor - v3.17.0 - 08-11-2023 *\/\n.elementor-widget-text-editor.elementor-drop-cap-view-stacked .elementor-drop-cap{background-color:#69727d;color:#fff}.elementor-widget-text-editor.elementor-drop-cap-view-framed .elementor-drop-cap{color:#69727d;border:3px solid;background-color:transparent}.elementor-widget-text-editor:not(.elementor-drop-cap-view-default) .elementor-drop-cap{margin-top:8px}.elementor-widget-text-editor:not(.elementor-drop-cap-view-default) .elementor-drop-cap-letter{width:1em;height:1em}.elementor-widget-text-editor .elementor-drop-cap{float:left;text-align:center;line-height:1;font-size:50px}.elementor-widget-text-editor .elementor-drop-cap-letter{display:inline-block}<\/style>\t\t\t\t<p>Si rezultat i p\u00ebrvoj\u00ebs s\u00eb tij shum\u00ebvje\u00e7are profesionale n\u00eb p\u00ebrfaq\u00ebsimin ligjor si punonj\u00ebs dhe si avokat i pavarur, Anol Eshrefi \u00ebsht\u00eb i aft\u00eb p\u00ebr p\u00ebrfaq\u00ebsim dhe k\u00ebshillim.<\/p>\t\t\t\t\t\t<\/div>\n\t\t\t\t<\/div>\n\t\t\t\t\t<\/div>\n\t\t\t\t<\/div>\n\t\t<div class=\"elementor-element elementor-element-aaddaea e-flex e-con-boxed e-con e-parent\" data-id=\"aaddaea\" data-element_type=\"container\" data-settings=\"{&quot;container_type&quot;:&quot;flex&quot;,&quot;content_width&quot;:&quot;boxed&quot;}\" data-core-v316-plus=\"true\">\n\t\t\t\t\t<div class=\"e-con-inner\">\n\t\t<div class=\"elementor-element elementor-element-6e7dc52 e-flex e-con-boxed e-con e-child\" data-id=\"6e7dc52\" data-element_type=\"container\" data-settings=\"{&quot;background_background&quot;:&quot;classic&quot;,&quot;container_type&quot;:&quot;flex&quot;,&quot;content_width&quot;:&quot;boxed&quot;}\">\n\t\t\t\t\t<div class=\"e-con-inner\">\n\t\t<div class=\"elementor-element elementor-element-13a993a e-con-full e-flex e-con e-child\" data-id=\"13a993a\" data-element_type=\"container\" data-settings=\"{&quot;content_width&quot;:&quot;full&quot;,&quot;container_type&quot;:&quot;flex&quot;}\">\n\t\t\t\t<div class=\"elementor-element elementor-element-2c8270a elementor-widget elementor-widget-heading\" data-id=\"2c8270a\" data-element_type=\"widget\" data-widget_type=\"heading.default\">\n\t\t\t\t<div class=\"elementor-widget-container\">\n\t\t\t<h2 class=\"elementor-heading-title elementor-size-default\">Karriera<\/h2>\t\t<\/div>\n\t\t\t\t<\/div>\n\t\t\t\t<div class=\"elementor-element elementor-element-67e054b elementor-widget elementor-widget-text-editor\" data-id=\"67e054b\" data-element_type=\"widget\" data-widget_type=\"text-editor.default\">\n\t\t\t\t<div class=\"elementor-widget-container\">\n\t\t\t\t\t\t\t<p>Anol Eshrefi absolvierte sein Jurastudium an der Universit\u00e4t Z\u00fcrich. Nach seinem Studium sammelte er wertvolle Erfahrungen beim Bezirksgericht Z\u00fcrich, wo er insbesondere in den Bereichen Familien-, Straf-, Arbeits- und Mietrecht t\u00e4tig war. Diese Praxis legte den Grundstein f\u00fcr seine erfolgreiche Karriere als Jurist.<\/p><p>In seiner beruflichen Laufbahn entschied sich Anol Eshrefi f\u00fcr die Selbstst\u00e4ndigkeit und f\u00fchrte mehrere Jahre erfolgreich ein B\u00fcro f\u00fcr Rechtsberatung in Winterthur, die Eshrefi Rechtsberatung. Seine Arbeit in dieser Zeit umfasste eine Vielzahl rechtlicher Fragestellungen, wobei er sich auf die Beratung und Vertretung von Mandanten im Privat- und Migraitonsrecht spezialisierte.<\/p><p>Zwei Jahre lang arbeitete er zudem f\u00fcr eine NGO im Asylzentrum Ostschweiz als Rechtsvertreter f\u00fcr Fl\u00fcchtlinge. In dieser Position vertrat er Fl\u00fcchtlinge vor Beh\u00f6rden und Gerichten und erwarb wichtige Erfahrung im Prozessieren vor Beh\u00f6rden. Sein Fachwissen im Asylrecht vertiefte er, indem er ein CAS (Zusatzdiplom) in diesem Bereich erwarb.<\/p><p>Anol Eshrefi verf\u00fcgt \u00fcber langj\u00e4hrige Erfahrung in der Rechtsvertretung sowohl als Angestellter als auch als selbstst\u00e4ndiger Jurist. Seine Expertise erstreckt sich \u00fcber den gesamten Bereich des Privatrechts, insbesondere in Familien- und Arbeitsrecht.\u00a0 Dar\u00fcber hinaus ist er im Strafrecht versiert und hat umfangreiche Kenntnisse in verwaltungsrechtlichen Fragestellungen, insbesondere im Ausl\u00e4nderrecht.<\/p><p>Diese vielseitige Erfahrung und sein tiefgehendes juristisches Fachwissen machen Anol Eshrefi zu einem kompetenten und verl\u00e4sslichen Ansprechpartner in verschiedensten rechtlichen Belangen.<\/p>\t\t\t\t\t\t<\/div>\n\t\t\t\t<\/div>\n\t\t\t\t<\/div>\n\t\t<div class=\"elementor-element elementor-element-d70fd53 e-con-full e-flex e-con e-child\" data-id=\"d70fd53\" data-element_type=\"container\" data-settings=\"{&quot;content_width&quot;:&quot;full&quot;,&quot;container_type&quot;:&quot;flex&quot;}\">\n\t\t\t\t<div class=\"elementor-element elementor-element-3ad9ed1 elementor-widget elementor-widget-image\" data-id=\"3ad9ed1\" data-element_type=\"widget\" data-widget_type=\"image.default\">\n\t\t\t\t<div class=\"elementor-widget-container\">\n\t\t\t<style>\/*! elementor - v3.17.0 - 08-11-2023 *\/\n.elementor-widget-image{text-align:center}.elementor-widget-image a{display:inline-block}.elementor-widget-image a img[src$=\".svg\"]{width:48px}.elementor-widget-image img{vertical-align:middle;display:inline-block}<\/style>\t\t\t\t\t\t\t\t\t\t\t\t<img decoding=\"async\" width=\"640\" height=\"1024\" src=\"https:\/\/anwaltskanzlei-eshrefi.ch\/wp-content\/uploads\/2024\/07\/p3-640x1024.webp\" class=\"attachment-large size-large wp-image-2418 not-transparent\" alt=\"\" srcset=\"https:\/\/anwaltskanzlei-eshrefi.ch\/wp-content\/uploads\/2024\/07\/p3-640x1024.webp 640w, https:\/\/anwaltskanzlei-eshrefi.ch\/wp-content\/uploads\/2024\/07\/p3-188x300.webp 188w, https:\/\/anwaltskanzlei-eshrefi.ch\/wp-content\/uploads\/2024\/07\/p3-768x1229.webp 768w, https:\/\/anwaltskanzlei-eshrefi.ch\/wp-content\/uploads\/2024\/07\/p3-960x1536.webp 960w, https:\/\/anwaltskanzlei-eshrefi.ch\/wp-content\/uploads\/2024\/07\/p3-8x12.webp 8w, https:\/\/anwaltskanzlei-eshrefi.ch\/wp-content\/uploads\/2024\/07\/p3-jpg.webp 1000w\" sizes=\"(max-width: 640px) 100vw, 640px\" data-has-transparency=\"false\" data-dominant-color=\"635c5e\" style=\"--dominant-color: #635c5e\" \/>\t\t\t\t\t\t\t\t\t\t\t\t\t\t\t<\/div>\n\t\t\t\t<\/div>\n\t\t\t\t<\/div>\n\t\t\t\t\t<\/div>\n\t\t\t\t<\/div>\n\t\t<div class=\"elementor-element elementor-element-52d3e17 e-flex e-con-boxed e-con e-child\" data-id=\"52d3e17\" data-element_type=\"container\" data-settings=\"{&quot;container_type&quot;:&quot;flex&quot;,&quot;content_width&quot;:&quot;boxed&quot;}\">\n\t\t\t\t\t<div class=\"e-con-inner\">\n\t\t<div class=\"elementor-element elementor-element-8fe201c e-con-full e-flex e-con e-child\" data-id=\"8fe201c\" data-element_type=\"container\" data-settings=\"{&quot;content_width&quot;:&quot;full&quot;,&quot;container_type&quot;:&quot;flex&quot;}\">\n\t\t\t\t<div class=\"elementor-element elementor-element-99b2da8 elementor-widget elementor-widget-heading\" data-id=\"99b2da8\" data-element_type=\"widget\" data-widget_type=\"heading.default\">\n\t\t\t\t<div class=\"elementor-widget-container\">\n\t\t\t<h2 class=\"elementor-heading-title elementor-size-default\">Njohuri gjuh\u00ebsore<\/h2>\t\t<\/div>\n\t\t\t\t<\/div>\n\t\t\t\t<div class=\"elementor-element elementor-element-1b1e741 elementor-icon-list--layout-traditional elementor-list-item-link-full_width elementor-widget elementor-widget-icon-list\" data-id=\"1b1e741\" data-element_type=\"widget\" data-widget_type=\"icon-list.default\">\n\t\t\t\t<div class=\"elementor-widget-container\">\n\t\t\t<link rel=\"stylesheet\" href=\"https:\/\/anwaltskanzlei-eshrefi.ch\/wp-content\/plugins\/elementor\/assets\/css\/widget-icon-list.min.css\">\t\t<ul class=\"elementor-icon-list-items\">\n\t\t\t\t\t\t\t<li class=\"elementor-icon-list-item\">\n\t\t\t\t\t\t\t\t\t\t\t<span class=\"elementor-icon-list-icon\">\n\t\t\t\t\t\t\t<i aria-hidden=\"true\" class=\"fas fa-caret-right\"><\/i>\t\t\t\t\t\t<\/span>\n\t\t\t\t\t\t\t\t\t\t<span class=\"elementor-icon-list-text\">Gjermanisht<\/span>\n\t\t\t\t\t\t\t\t\t<\/li>\n\t\t\t\t\t\t\t\t<li class=\"elementor-icon-list-item\">\n\t\t\t\t\t\t\t\t\t\t\t<span class=\"elementor-icon-list-icon\">\n\t\t\t\t\t\t\t<i aria-hidden=\"true\" class=\"fas fa-caret-right\"><\/i>\t\t\t\t\t\t<\/span>\n\t\t\t\t\t\t\t\t\t\t<span class=\"elementor-icon-list-text\">Shqip<\/span>\n\t\t\t\t\t\t\t\t\t<\/li>\n\t\t\t\t\t\t\t\t<li class=\"elementor-icon-list-item\">\n\t\t\t\t\t\t\t\t\t\t\t<span class=\"elementor-icon-list-icon\">\n\t\t\t\t\t\t\t<i aria-hidden=\"true\" class=\"fas fa-caret-right\"><\/i>\t\t\t\t\t\t<\/span>\n\t\t\t\t\t\t\t\t\t\t<span class=\"elementor-icon-list-text\">Anglisht<\/span>\n\t\t\t\t\t\t\t\t\t<\/li>\n\t\t\t\t\t\t\t\t<li class=\"elementor-icon-list-item\">\n\t\t\t\t\t\t\t\t\t\t\t<span class=\"elementor-icon-list-icon\">\n\t\t\t\t\t\t\t<i aria-hidden=\"true\" class=\"fas fa-caret-right\"><\/i>\t\t\t\t\t\t<\/span>\n\t\t\t\t\t\t\t\t\t\t<span class=\"elementor-icon-list-text\">Frengjisht<\/span>\n\t\t\t\t\t\t\t\t\t<\/li>\n\t\t\t\t\t\t<\/ul>\n\t\t\t\t<\/div>\n\t\t\t\t<\/div>\n\t\t\t\t<div class=\"elementor-element elementor-element-2f35e15 elementor-icon-list--layout-traditional elementor-list-item-link-full_width elementor-widget elementor-widget-icon-list\" data-id=\"2f35e15\" data-element_type=\"widget\" data-widget_type=\"icon-list.default\">\n\t\t\t\t<div class=\"elementor-widget-container\">\n\t\t\t\t\t<ul class=\"elementor-icon-list-items\">\n\t\t\t\t\t\t\t<li class=\"elementor-icon-list-item\">\n\t\t\t\t\t\t\t\t\t\t\t<span class=\"elementor-icon-list-icon\">\n\t\t\t\t\t\t\t<i aria-hidden=\"true\" class=\"fas fa-caret-right\"><\/i>\t\t\t\t\t\t<\/span>\n\t\t\t\t\t\t\t\t\t\t<span class=\"elementor-icon-list-text\">Serbisht (Passiv)<\/span>\n\t\t\t\t\t\t\t\t\t<\/li>\n\t\t\t\t\t\t\t\t<li class=\"elementor-icon-list-item\">\n\t\t\t\t\t\t\t\t\t\t\t<span class=\"elementor-icon-list-icon\">\n\t\t\t\t\t\t\t<i aria-hidden=\"true\" class=\"fas fa-caret-right\"><\/i>\t\t\t\t\t\t<\/span>\n\t\t\t\t\t\t\t\t\t\t<span class=\"elementor-icon-list-text\">Kroatisht (Passiv)<\/span>\n\t\t\t\t\t\t\t\t\t<\/li>\n\t\t\t\t\t\t\t\t<li class=\"elementor-icon-list-item\">\n\t\t\t\t\t\t\t\t\t\t\t<span class=\"elementor-icon-list-icon\">\n\t\t\t\t\t\t\t<i aria-hidden=\"true\" class=\"fas fa-caret-right\"><\/i>\t\t\t\t\t\t<\/span>\n\t\t\t\t\t\t\t\t\t\t<span class=\"elementor-icon-list-text\">Boshnjakisht (Passiv)<\/span>\n\t\t\t\t\t\t\t\t\t<\/li>\n\t\t\t\t\t\t<\/ul>\n\t\t\t\t<\/div>\n\t\t\t\t<\/div>\n\t\t\t\t<\/div>\n\t\t<div class=\"elementor-element elementor-element-1fd14e5 e-con-full e-flex e-con e-child\" data-id=\"1fd14e5\" data-element_type=\"container\" data-settings=\"{&quot;content_width&quot;:&quot;full&quot;,&quot;container_type&quot;:&quot;flex&quot;}\">\n\t\t\t\t<div class=\"elementor-element elementor-element-8c050f7 elementor-widget elementor-widget-heading\" data-id=\"8c050f7\" data-element_type=\"widget\" data-widget_type=\"heading.default\">\n\t\t\t\t<div class=\"elementor-widget-container\">\n\t\t\t<h2 class=\"elementor-heading-title elementor-size-default\">I shenuar n\u00eb regjister t\u00eb Avokat\u00ebve<\/h2>\t\t<\/div>\n\t\t\t\t<\/div>\n\t\t\t\t<div class=\"elementor-element elementor-element-75d429c elementor-widget elementor-widget-text-editor\" data-id=\"75d429c\" data-element_type=\"widget\" data-widget_type=\"text-editor.default\">\n\t\t\t\t<div class=\"elementor-widget-container\">\n\t\t\t\t\t\t\t<p>N\u00eb mars 2022 ai u pranua n\u00eb barin e Cyrihut dhe themeloi zyr\u00ebn ligjore Eshrefi n\u00eb Winterthur.<\/p>\t\t\t\t\t\t<\/div>\n\t\t\t\t<\/div>\n\t\t\t\t<div class=\"elementor-element elementor-element-a59832e elementor-widget elementor-widget-image\" data-id=\"a59832e\" data-element_type=\"widget\" data-widget_type=\"image.default\">\n\t\t\t\t<div class=\"elementor-widget-container\">\n\t\t\t\t\t\t\t\t\t\t\t\t\t\t\t\t<a href=\"https:\/\/www.zav.ch\" target=\"_blank\">\n\t\t\t\t\t\t\t<img decoding=\"async\" width=\"800\" height=\"253\" src=\"https:\/\/anwaltskanzlei-eshrefi.ch\/wp-content\/uploads\/2025\/01\/zh-anwaltsverband-blau2.png\" class=\"attachment-large size-large wp-image-2754 has-transparency\" alt=\"\" srcset=\"https:\/\/anwaltskanzlei-eshrefi.ch\/wp-content\/uploads\/2025\/01\/zh-anwaltsverband-blau2.png 950w, https:\/\/anwaltskanzlei-eshrefi.ch\/wp-content\/uploads\/2025\/01\/zh-anwaltsverband-blau2-300x95.png 300w, https:\/\/anwaltskanzlei-eshrefi.ch\/wp-content\/uploads\/2025\/01\/zh-anwaltsverband-blau2-768x243.png 768w, https:\/\/anwaltskanzlei-eshrefi.ch\/wp-content\/uploads\/2025\/01\/zh-anwaltsverband-blau2-18x6.png 18w\" sizes=\"(max-width: 800px) 100vw, 800px\" data-has-transparency=\"true\" data-dominant-color=\"26386d\" style=\"--dominant-color: #26386d\" \/>\t\t\t\t\t\t\t\t<\/a>\n\t\t\t\t\t\t\t\t\t\t\t\t\t\t\t<\/div>\n\t\t\t\t<\/div>\n\t\t\t\t<div class=\"elementor-element elementor-element-b0fc97c elementor-widget elementor-widget-text-editor\" data-id=\"b0fc97c\" data-element_type=\"widget\" data-widget_type=\"text-editor.default\">\n\t\t\t\t<div class=\"elementor-widget-container\">\n\t\t\t\t\t\t\t<p>Fachgruppe Strafverteidigung\u00a0ZAV<\/p>\t\t\t\t\t\t<\/div>\n\t\t\t\t<\/div>\n\t\t\t\t<\/div>\n\t\t\t\t\t<\/div>\n\t\t\t\t<\/div>\n\t\t\t\t\t<\/div>\n\t\t\t\t<\/div>\n\t\t\t\t\t\t\t<\/div>","protected":false},"excerpt":{"rendered":"<p>Team RA lic. iur. Anol Eshrefi Anol Eshrefi setzt sich daf\u00fcr ein, dass Ihre Interessen bestm\u00f6glich vertreten werden und Sie in rechtlicher Hinsicht die optimale Beratung und Unterst\u00fctzung erfahren. F\u00fcr ihn steht der Mensch an erster Stelle. Daher ist er stets bem\u00fcht, auf Ihre Bed\u00fcrfnisse individuell einzugehen und massgeschneiderte L\u00f6sungen zu erarbeiten. Werdegang Anol Eshrefi [&hellip;]<\/p>","protected":false},"author":1,"featured_media":0,"parent":39,"menu_order":0,"comment_status":"closed","ping_status":"closed","template":"","meta":{"footnotes":""},"class_list":["post-2306","page","type-page","status-publish","hentry"],"_links":{"self":[{"href":"https:\/\/anwaltskanzlei-eshrefi.ch\/sq\/wp-json\/wp\/v2\/pages\/2306","targetHints":{"allow":["GET"]}}],"collection":[{"href":"https:\/\/anwaltskanzlei-eshrefi.ch\/sq\/wp-json\/wp\/v2\/pages"}],"about":[{"href":"https:\/\/anwaltskanzlei-eshrefi.ch\/sq\/wp-json\/wp\/v2\/types\/page"}],"author":[{"embeddable":true,"href":"https:\/\/anwaltskanzlei-eshrefi.ch\/sq\/wp-json\/wp\/v2\/users\/1"}],"replies":[{"embeddable":true,"href":"https:\/\/anwaltskanzlei-eshrefi.ch\/sq\/wp-json\/wp\/v2\/comments?post=2306"}],"version-history":[{"count":27,"href":"https:\/\/anwaltskanzlei-eshrefi.ch\/sq\/wp-json\/wp\/v2\/pages\/2306\/revisions"}],"predecessor-version":[{"id":2763,"href":"https:\/\/anwaltskanzlei-eshrefi.ch\/sq\/wp-json\/wp\/v2\/pages\/2306\/revisions\/2763"}],"up":[{"embeddable":true,"href":"https:\/\/anwaltskanzlei-eshrefi.ch\/sq\/wp-json\/wp\/v2\/pages\/39"}],"wp:attachment":[{"href":"https:\/\/anwaltskanzlei-eshrefi.ch\/sq\/wp-json\/wp\/v2\/media?parent=2306"}],"curies":[{"name":"wp","href":"https:\/\/api.w.org\/{rel}","templated":true}]}}