{"id":2178,"date":"2023-11-19T13:56:09","date_gmt":"2023-11-19T13:56:09","guid":{"rendered":"https:\/\/anwaltskanzlei-eshrefi.ch\/?page_id=2178"},"modified":"2024-12-09T05:57:40","modified_gmt":"2024-12-09T05:57:40","slug":"oeffentliches-recht","status":"publish","type":"page","link":"https:\/\/anwaltskanzlei-eshrefi.ch\/sq\/taetigkeitsbereiche\/oeffentliches-recht\/","title":{"rendered":"Familienrecht"},"content":{"rendered":"<div data-elementor-type=\"wp-page\" data-elementor-id=\"2178\" class=\"elementor elementor-2178\" data-elementor-post-type=\"page\">\n\t\t\t\t\t\t\t<div class=\"elementor-element elementor-element-c8d787c e-flex e-con-boxed e-con e-parent\" data-id=\"c8d787c\" data-element_type=\"container\" data-settings=\"{&quot;background_background&quot;:&quot;classic&quot;,&quot;container_type&quot;:&quot;flex&quot;,&quot;content_width&quot;:&quot;boxed&quot;}\" data-core-v316-plus=\"true\">\n\t\t\t\t\t<div class=\"e-con-inner\">\n\t\t\t\t<div class=\"elementor-element elementor-element-c44dcfa elementor-widget__width-initial elementor-widget elementor-widget-heading\" data-id=\"c44dcfa\" data-element_type=\"widget\" data-widget_type=\"heading.default\">\n\t\t\t\t<div class=\"elementor-widget-container\">\n\t\t\t<style>\/*! elementor - v3.17.0 - 08-11-2023 *\/\n.elementor-heading-title{padding:0;margin:0;line-height:1}.elementor-widget-heading .elementor-heading-title[class*=elementor-size-]>a{color:inherit;font-size:inherit;line-height:inherit}.elementor-widget-heading .elementor-heading-title.elementor-size-small{font-size:15px}.elementor-widget-heading .elementor-heading-title.elementor-size-medium{font-size:19px}.elementor-widget-heading .elementor-heading-title.elementor-size-large{font-size:29px}.elementor-widget-heading .elementor-heading-title.elementor-size-xl{font-size:39px}.elementor-widget-heading .elementor-heading-title.elementor-size-xxl{font-size:59px}<\/style><h1 class=\"elementor-heading-title elementor-size-default\">Familienrecht<\/h1>\t\t<\/div>\n\t\t\t\t<\/div>\n\t\t\t\t\t<\/div>\n\t\t\t\t<\/div>\n\t\t<div class=\"elementor-element elementor-element-a619b1b e-flex e-con-boxed e-con e-parent\" data-id=\"a619b1b\" data-element_type=\"container\" data-settings=\"{&quot;container_type&quot;:&quot;flex&quot;,&quot;content_width&quot;:&quot;boxed&quot;}\" data-core-v316-plus=\"true\">\n\t\t\t\t\t<div class=\"e-con-inner\">\n\t\t<div class=\"elementor-element elementor-element-a3fe10f e-con-full e-flex e-con e-child\" data-id=\"a3fe10f\" data-element_type=\"container\" data-settings=\"{&quot;content_width&quot;:&quot;full&quot;,&quot;container_type&quot;:&quot;flex&quot;}\">\n\t\t\t\t<div class=\"elementor-element elementor-element-b8a5d2a elementor-widget elementor-widget-text-editor\" data-id=\"b8a5d2a\" data-element_type=\"widget\" data-widget_type=\"text-editor.default\">\n\t\t\t\t<div class=\"elementor-widget-container\">\n\t\t\t<style>\/*! elementor - v3.17.0 - 08-11-2023 *\/\n.elementor-widget-text-editor.elementor-drop-cap-view-stacked .elementor-drop-cap{background-color:#69727d;color:#fff}.elementor-widget-text-editor.elementor-drop-cap-view-framed .elementor-drop-cap{color:#69727d;border:3px solid;background-color:transparent}.elementor-widget-text-editor:not(.elementor-drop-cap-view-default) .elementor-drop-cap{margin-top:8px}.elementor-widget-text-editor:not(.elementor-drop-cap-view-default) .elementor-drop-cap-letter{width:1em;height:1em}.elementor-widget-text-editor .elementor-drop-cap{float:left;text-align:center;line-height:1;font-size:50px}.elementor-widget-text-editor .elementor-drop-cap-letter{display:inline-block}<\/style>\t\t\t\t<h4>Anwalt f\u00fcr Scheidung\u00a0<\/h4><p>Unterst\u00fctzung f\u00fcr Ihre Scheidung \u2013 Wie ich Ihnen als Scheidungsanwalt zur Seite stehe<\/p><p>Wenn Sie sich in einer Scheidung befinden und Unterst\u00fctzung ben\u00f6tigen, um Ihre Interessen gegen Ihren Ehegatten durchzusetzen, stehe ich Ihnen als erfahrener Anwalt zur Seite. Mein Ziel ist es, Sie in dieser schwierigen Zeit bestm\u00f6glich zu vertreten und f\u00fcr Ihre Rechte und Anliegen zu k\u00e4mpfen.<\/p><p><strong>Schutz Ihrer Interessen:<\/strong> Zu Beginn analysiere ich Ihre Situation genau und identifiziere die Punkte, bei denen es zu Konflikten kommen k\u00f6nnte. Dabei geht es um Ihre finanziellen Interessen, Ihre Rechte in Bezug auf Kinder und die faire Aufteilung von Verm\u00f6genswerten. Gemeinsam entwickeln wir eine Strategie, um Ihre Position bestm\u00f6glich zu verteidigen.<\/p><p><strong>Sorgerecht und Besuchsrecht<\/strong>: Wenn es um Kinder geht, kann der Streit um das Sorgerecht und das Besuchsrecht sehr belastend sein. Ich setze mich daf\u00fcr ein, dass Ihre Elternrechte gewahrt bleiben und eine f\u00fcr Sie g\u00fcnstige Regelung gefunden wird, die auch im Interesse Ihrer Kinder ist.<\/p><p><strong>Unterhaltsfragen:<\/strong> Die Regelung von Unterhaltszahlungen, sei es f\u00fcr Kinder oder f\u00fcr Sie selbst, ist oft ein zentraler Punkt bei einer Scheidung. Ich unterst\u00fctze Sie dabei, eine faire Unterhaltsregelung zu erreichen, die Ihren finanziellen Bed\u00fcrfnissen gerecht wird und sicherstellt, dass Sie nicht benachteiligt werden.<\/p><p><strong>Verm\u00f6gensaufteilung und G\u00fcterrecht:<\/strong> Die Aufteilung von gemeinsamem Verm\u00f6gen kann kompliziert und emotional belastend sein. Ich setze mich daf\u00fcr ein, dass Sie Ihren fairen Anteil erhalten und sorge daf\u00fcr, dass die Verm\u00f6gensaufteilung transparent und gerecht erfolgt. Dabei ber\u00fccksichtige ich alle relevanten rechtlichen Aspekte und stelle sicher, dass Ihre Rechte gesch\u00fctzt sind.<\/p><p>Mein Ziel ist es, Ihnen in dieser schwierigen Zeit Sicherheit zu geben und Sie zu unterst\u00fctzen, damit Sie gest\u00e4rkt aus der Scheidung hervorgehen. Ich setze mich daf\u00fcr ein, dass Ihre Rechte gewahrt bleiben und Sie die bestm\u00f6glichen Ergebnisse erzielen, um Ihren neuen Lebensabschnitt erfolgreich zu beginnen.<\/p><p>Kontaktieren Sie mich f\u00fcr eine individuelle Beratung, und lassen Sie uns gemeinsam die beste Strategie entwickeln, um Ihre Interessen durchzusetzen.<\/p>\t\t\t\t\t\t<\/div>\n\t\t\t\t<\/div>\n\t\t<a class=\"elementor-element elementor-element-4a894ff e-con-full e-flex e-con e-child\" data-id=\"4a894ff\" data-element_type=\"container\" data-settings=\"{&quot;content_width&quot;:&quot;full&quot;,&quot;background_background&quot;:&quot;classic&quot;,&quot;container_type&quot;:&quot;flex&quot;}\" href=\"https:\/\/anwaltskanzlei-eshrefi.ch\/sq\/kontakt\/\">\n\t\t<div class=\"elementor-element elementor-element-c5160df e-flex e-con-boxed e-con e-child\" data-id=\"c5160df\" data-element_type=\"container\" data-settings=\"{&quot;container_type&quot;:&quot;flex&quot;,&quot;content_width&quot;:&quot;boxed&quot;}\">\n\t\t\t\t\t<div class=\"e-con-inner\">\n\t\t\t\t<div class=\"elementor-element elementor-element-909d7da elementor-widget elementor-widget-heading\" data-id=\"909d7da\" data-element_type=\"widget\" data-widget_type=\"heading.default\">\n\t\t\t\t<div class=\"elementor-widget-container\">\n\t\t\t<h2 class=\"elementor-heading-title elementor-size-default\">Ihr Anwalt f\u00fcr Scheidungsrecht in Winterthur<\/h2>\t\t<\/div>\n\t\t\t\t<\/div>\n\t\t\t\t<div class=\"elementor-element elementor-element-cad0b16 kontxt elementor-widget elementor-widget-text-editor\" data-id=\"cad0b16\" data-element_type=\"widget\" data-widget_type=\"text-editor.default\">\n\t\t\t\t<div class=\"elementor-widget-container\">\n\t\t\t\t\t\t\t<p>Unverbindlich kontaktieren und \u00dcberblick verschaffen<\/p>\t\t\t\t\t\t<\/div>\n\t\t\t\t<\/div>\n\t\t\t\t\t<\/div>\n\t\t\t\t<\/div>\n\t\t<div class=\"elementor-element elementor-element-1c05c1f e-con-full konbut e-flex e-con e-child\" data-id=\"1c05c1f\" data-element_type=\"container\" data-settings=\"{&quot;content_width&quot;:&quot;full&quot;,&quot;container_type&quot;:&quot;flex&quot;}\">\n\t\t\t\t<div class=\"elementor-element elementor-element-95df377 kontxt elementor-widget elementor-widget-text-editor\" data-id=\"95df377\" data-element_type=\"widget\" data-widget_type=\"text-editor.default\">\n\t\t\t\t<div class=\"elementor-widget-container\">\n\t\t\t\t\t\t\t<p>Kontakt<\/p>\t\t\t\t\t\t<\/div>\n\t\t\t\t<\/div>\n\t\t\t\t<\/div>\n\t\t\t\t<\/a>\n\t\t\t\t<div class=\"elementor-element elementor-element-6e355e9 elementor-widget elementor-widget-text-editor\" data-id=\"6e355e9\" data-element_type=\"widget\" data-widget_type=\"text-editor.default\">\n\t\t\t\t<div class=\"elementor-widget-container\">\n\t\t\t\t\t\t\t\t\t\t\t\t\t<\/div>\n\t\t\t\t<\/div>\n\t\t\t\t<div class=\"elementor-element elementor-element-16467b8 elementor-widget elementor-widget-text-editor\" data-id=\"16467b8\" data-element_type=\"widget\" data-widget_type=\"text-editor.default\">\n\t\t\t\t<div class=\"elementor-widget-container\">\n\t\t\t\t\t\t\t<h4>Anwalt f\u00fcr Eheschliessung\u00a0<\/h4><h5>Wie ich Ihnen bei der Eheschliessung helfen kann:<\/h5><p>Vor einer Eheschliessung in der Schweiz kann es sehr sinnvoll sein, sich von einem erfahrenen Anwalt f\u00fcr Familienrecht beraten zu lassen \u2013 insbesondere, wenn Sie planen, einen ausl\u00e4ndischen Partner zu heiraten. Je nach individuellen Umst\u00e4nden m\u00fcssen verschiedene Dokumente beigebracht werden, und ich kann Ihnen dabei helfen, diese Unterlagen effizient zu beschaffen und den Prozess reibungslos zu gestalten.<\/p><p>Dar\u00fcber hinaus bin ich als Anwalt f\u00fcr Familienrecht der richtige Ansprechpartner, um Sie \u00fcber die unterschiedlichen G\u00fcterst\u00e4nde der Ehe zu informieren. Gemeinsam k\u00f6nnen wir die Vor- und Nachteile der verschiedenen G\u00fcterst\u00e4nde in Ihrer pers\u00f6nlichen Situation abw\u00e4gen und so die beste Entscheidung f\u00fcr Ihre zuk\u00fcnftige Ehe treffen.<\/p><p>Zus\u00e4tzlich \u00fcbernehme ich gerne alle b\u00fcrokratischen Abl\u00e4ufe rund um Ihre Eheschliessung, um sicherzustellen, dass alles korrekt und termingerecht abgewickelt wird. Lassen Sie sich von mir beraten, um Ihre Eheschliessung in der Schweiz so einfach und stressfrei wie m\u00f6glich zu gestalten.<\/p>\t\t\t\t\t\t<\/div>\n\t\t\t\t<\/div>\n\t\t\t\t<div class=\"elementor-element elementor-element-1c6917f elementor-widget elementor-widget-text-editor\" data-id=\"1c6917f\" data-element_type=\"widget\" data-widget_type=\"text-editor.default\">\n\t\t\t\t<div class=\"elementor-widget-container\">\n\t\t\t\t\t\t\t\t\t\t\t\t\t<\/div>\n\t\t\t\t<\/div>\n\t\t\t\t<div class=\"elementor-element elementor-element-c41ab58 elementor-widget elementor-widget-heading\" data-id=\"c41ab58\" data-element_type=\"widget\" data-widget_type=\"heading.default\">\n\t\t\t\t<div class=\"elementor-widget-container\">\n\t\t\t<h2 class=\"elementor-heading-title elementor-size-default\">Familienrecht: Die Schwerpunkte<\/h2>\t\t<\/div>\n\t\t\t\t<\/div>\n\t\t\t\t<div class=\"elementor-element elementor-element-5d26925 elementor-icon-list--layout-traditional elementor-list-item-link-full_width elementor-widget elementor-widget-icon-list\" data-id=\"5d26925\" data-element_type=\"widget\" data-widget_type=\"icon-list.default\">\n\t\t\t\t<div class=\"elementor-widget-container\">\n\t\t\t<link rel=\"stylesheet\" href=\"https:\/\/anwaltskanzlei-eshrefi.ch\/wp-content\/plugins\/elementor\/assets\/css\/widget-icon-list.min.css\">\t\t<ul class=\"elementor-icon-list-items\">\n\t\t\t\t\t\t\t<li class=\"elementor-icon-list-item\">\n\t\t\t\t\t\t\t\t\t\t\t<span class=\"elementor-icon-list-icon\">\n\t\t\t\t\t\t\t<i aria-hidden=\"true\" class=\"fas fa-caret-right\"><\/i>\t\t\t\t\t\t<\/span>\n\t\t\t\t\t\t\t\t\t\t<span class=\"elementor-icon-list-text\">Eheschutz<\/span>\n\t\t\t\t\t\t\t\t\t<\/li>\n\t\t\t\t\t\t\t\t<li class=\"elementor-icon-list-item\">\n\t\t\t\t\t\t\t\t\t\t\t<span class=\"elementor-icon-list-icon\">\n\t\t\t\t\t\t\t<i aria-hidden=\"true\" class=\"fas fa-caret-right\"><\/i>\t\t\t\t\t\t<\/span>\n\t\t\t\t\t\t\t\t\t\t<span class=\"elementor-icon-list-text\">Scheidung<\/span>\n\t\t\t\t\t\t\t\t\t<\/li>\n\t\t\t\t\t\t\t\t<li class=\"elementor-icon-list-item\">\n\t\t\t\t\t\t\t\t\t\t\t<span class=\"elementor-icon-list-icon\">\n\t\t\t\t\t\t\t<i aria-hidden=\"true\" class=\"fas fa-caret-right\"><\/i>\t\t\t\t\t\t<\/span>\n\t\t\t\t\t\t\t\t\t\t<span class=\"elementor-icon-list-text\">Eheschliessung<\/span>\n\t\t\t\t\t\t\t\t\t<\/li>\n\t\t\t\t\t\t<\/ul>\n\t\t\t\t<\/div>\n\t\t\t\t<\/div>\n\t\t\t\t<\/div>\n\t\t<div class=\"elementor-element elementor-element-29028de e-con-full e-flex e-con e-child\" data-id=\"29028de\" data-element_type=\"container\" data-settings=\"{&quot;content_width&quot;:&quot;full&quot;,&quot;container_type&quot;:&quot;flex&quot;}\">\n\t\t\t\t<div class=\"elementor-element elementor-element-cf0e4be elementor-widget elementor-widget-template\" data-id=\"cf0e4be\" data-element_type=\"widget\" data-widget_type=\"template.default\">\n\t\t\t\t<div class=\"elementor-widget-container\">\n\t\t\t\t\t<div class=\"elementor-template\">\n\t\t\t\t\t<div data-elementor-type=\"section\" data-elementor-id=\"552\" class=\"elementor elementor-552\" data-elementor-post-type=\"elementor_library\">\n\t\t\t\t\t\t<div class=\"elementor-element elementor-element-e86dd74 e-flex e-con-boxed elementor-invisible e-con e-parent\" data-id=\"e86dd74\" data-element_type=\"container\" data-settings=\"{&quot;background_background&quot;:&quot;classic&quot;,&quot;animation&quot;:&quot;fadeInRight&quot;,&quot;animation_delay&quot;:350,&quot;container_type&quot;:&quot;flex&quot;,&quot;content_width&quot;:&quot;boxed&quot;}\" data-core-v316-plus=\"true\">\n\t\t\t\t\t<div class=\"e-con-inner\">\n\t\t\t\t<div class=\"elementor-element elementor-element-7de6a44 elementor-widget elementor-widget-heading\" data-id=\"7de6a44\" data-element_type=\"widget\" data-widget_type=\"heading.default\">\n\t\t\t\t<div class=\"elementor-widget-container\">\n\t\t\t<h2 class=\"elementor-heading-title elementor-size-default\">Jurisdiksionet<\/h2>\t\t<\/div>\n\t\t\t\t<\/div>\n\t\t\t\t<div class=\"elementor-element elementor-element-66c31f9 elementor-widget elementor-widget-jet-custom-menu\" data-id=\"66c31f9\" data-element_type=\"widget\" data-widget_type=\"jet-custom-menu.default\">\n\t\t\t\t<div class=\"elementor-widget-container\">\n\t\t\t<div class=\"menu-taetigkeitsbereiche-container\"><div class=\"jet-custom-nav jet-custom-nav--dropdown-right-side jet-custom-nav--animation-fade\"><div class=\"menu-item menu-item-type-post_type menu-item-object-page jet-custom-nav__item jet-custom-nav__item-2192\"><a href=\"https:\/\/anwaltskanzlei-eshrefi.ch\/sq\/taetigkeitsbereiche\/strafrecht\/\" class=\"jet-custom-nav__item-link\"><span class=\"jet-menu-link-text\"><span class=\"jet-custom-item-label top-level-label\">E drejta penale<\/span><\/span><\/a><\/div>\n<div class=\"menu-item menu-item-type-post_type menu-item-object-page jet-custom-nav__item jet-custom-nav__item-2922\"><a href=\"https:\/\/anwaltskanzlei-eshrefi.ch\/sq\/taetigkeitsbereiche\/migrationsrecht-auslaenderrecht\/\" class=\"jet-custom-nav__item-link\"><span class=\"jet-menu-link-text\"><span class=\"jet-custom-item-label top-level-label\">Ligji i migracionit<\/span><\/span><\/a><\/div>\n<div class=\"menu-item menu-item-type-post_type menu-item-object-page jet-custom-nav__item jet-custom-nav__item-2193\"><a href=\"https:\/\/anwaltskanzlei-eshrefi.ch\/sq\/taetigkeitsbereiche\/schuldbetreibungsrecht-konkursrecht\/\" class=\"jet-custom-nav__item-link\"><span class=\"jet-menu-link-text\"><span class=\"jet-custom-item-label top-level-label\">Ligji p\u00ebr mbledhjen<\/span><\/span><\/a><\/div>\n<div class=\"menu-item menu-item-type-post_type menu-item-object-page jet-custom-nav__item jet-custom-nav__item-2195\"><a href=\"https:\/\/anwaltskanzlei-eshrefi.ch\/sq\/taetigkeitsbereiche\/mietrecht\/\" class=\"jet-custom-nav__item-link\"><span class=\"jet-menu-link-text\"><span class=\"jet-custom-item-label top-level-label\">Ligji i qiras\u00eb<\/span><\/span><\/a><\/div>\n<div class=\"menu-item menu-item-type-post_type menu-item-object-page jet-custom-nav__item jet-custom-nav__item-2196\"><a href=\"https:\/\/anwaltskanzlei-eshrefi.ch\/sq\/taetigkeitsbereiche\/arbeitsrecht\/\" class=\"jet-custom-nav__item-link\"><span class=\"jet-menu-link-text\"><span class=\"jet-custom-item-label top-level-label\">Ligji i Pun\u00ebsimit<\/span><\/span><\/a><\/div>\n<div class=\"menu-item menu-item-type-post_type menu-item-object-page jet-custom-nav__item jet-custom-nav__item-2190\"><a href=\"https:\/\/anwaltskanzlei-eshrefi.ch\/sq\/taetigkeitsbereiche\/oeffentliches-recht\/\" class=\"jet-custom-nav__item-link\"><span class=\"jet-menu-link-text\"><span class=\"jet-custom-item-label top-level-label\">Familienrecht<\/span><\/span><\/a><\/div>\n<div class=\"menu-item menu-item-type-post_type menu-item-object-page jet-custom-nav__item jet-custom-nav__item-2191\"><a href=\"https:\/\/anwaltskanzlei-eshrefi.ch\/sq\/taetigkeitsbereiche\/vertragsrecht\/\" class=\"jet-custom-nav__item-link\"><span class=\"jet-menu-link-text\"><span class=\"jet-custom-item-label top-level-label\">E drejta e kontratave<\/span><\/span><\/a><\/div>\n<div class=\"menu-item menu-item-type-post_type menu-item-object-page jet-custom-nav__item jet-custom-nav__item-2691\"><a href=\"https:\/\/anwaltskanzlei-eshrefi.ch\/sq\/taetigkeitsbereiche\/geschaedigtenvertretung\/\" class=\"jet-custom-nav__item-link\"><span class=\"jet-menu-link-text\"><span class=\"jet-custom-item-label top-level-label\">Gesch\u00e4digtenvertretung<\/span><\/span><\/a><\/div>\n<\/div><\/div>\t\t<\/div>\n\t\t\t\t<\/div>\n\t\t\t\t\t<\/div>\n\t\t\t\t<\/div>\n\t\t\t\t\t\t<\/div>\n\t\t\t\t<\/div>\n\t\t\t\t<\/div>\n\t\t\t\t<\/div>\n\t\t<div class=\"elementor-element elementor-element-9a08bf5 e-flex e-con-boxed elementor-invisible e-con e-child\" data-id=\"9a08bf5\" data-element_type=\"container\" data-settings=\"{&quot;background_background&quot;:&quot;classic&quot;,&quot;animation&quot;:&quot;fadeInRight&quot;,&quot;animation_delay&quot;:550,&quot;sticky&quot;:&quot;top&quot;,&quot;sticky_on&quot;:[&quot;desktop&quot;,&quot;tablet&quot;],&quot;sticky_offset&quot;:120,&quot;sticky_parent&quot;:&quot;yes&quot;,&quot;container_type&quot;:&quot;flex&quot;,&quot;content_width&quot;:&quot;boxed&quot;,&quot;sticky_effects_offset&quot;:0}\">\n\t\t\t\t\t<div class=\"e-con-inner\">\n\t\t\t\t<div class=\"elementor-element elementor-element-c67e548 elementor-widget elementor-widget-heading\" data-id=\"c67e548\" data-element_type=\"widget\" data-widget_type=\"heading.default\">\n\t\t\t\t<div class=\"elementor-widget-container\">\n\t\t\t<h2 class=\"elementor-heading-title elementor-size-default\">Ihr Ansprechpartner<\/h2>\t\t<\/div>\n\t\t\t\t<\/div>\n\t\t\t\t<div class=\"elementor-element elementor-element-d7154d3 elementor-widget elementor-widget-image\" data-id=\"d7154d3\" data-element_type=\"widget\" data-widget_type=\"image.default\">\n\t\t\t\t<div class=\"elementor-widget-container\">\n\t\t\t<style>\/*! elementor - v3.17.0 - 08-11-2023 *\/\n.elementor-widget-image{text-align:center}.elementor-widget-image a{display:inline-block}.elementor-widget-image a img[src$=\".svg\"]{width:48px}.elementor-widget-image img{vertical-align:middle;display:inline-block}<\/style>\t\t\t\t\t\t\t\t\t\t\t\t<img decoding=\"async\" width=\"284\" height=\"322\" src=\"https:\/\/anwaltskanzlei-eshrefi.ch\/wp-content\/uploads\/2022\/12\/anwalt_winterthur-jpg.webp\" class=\"attachment-large size-large wp-image-1973 not-transparent\" alt=\"\" srcset=\"https:\/\/anwaltskanzlei-eshrefi.ch\/wp-content\/uploads\/2022\/12\/anwalt_winterthur-jpg.webp 284w, https:\/\/anwaltskanzlei-eshrefi.ch\/wp-content\/uploads\/2022\/12\/anwalt_winterthur-265x300.webp 265w, https:\/\/anwaltskanzlei-eshrefi.ch\/wp-content\/uploads\/2022\/12\/anwalt_winterthur-11x12.webp 11w\" sizes=\"(max-width: 284px) 100vw, 284px\" data-has-transparency=\"false\" data-dominant-color=\"967f69\" style=\"--dominant-color: #967f69\" \/>\t\t\t\t\t\t\t\t\t\t\t\t\t\t\t<\/div>\n\t\t\t\t<\/div>\n\t\t\t\t<div class=\"elementor-element elementor-element-cd89dd0 elementor-widget elementor-widget-text-editor\" data-id=\"cd89dd0\" data-element_type=\"widget\" data-widget_type=\"text-editor.default\">\n\t\t\t\t<div class=\"elementor-widget-container\">\n\t\t\t\t\t\t\t<p class=\"LC20lb MBeuO DKV0Md\">lic.iur. Anol Eshrefi<\/p>\t\t\t\t\t\t<\/div>\n\t\t\t\t<\/div>\n\t\t\t\t<div class=\"elementor-element elementor-element-14815a2 elementor-align-center elementor-widget elementor-widget-button\" data-id=\"14815a2\" data-element_type=\"widget\" data-widget_type=\"button.default\">\n\t\t\t\t<div class=\"elementor-widget-container\">\n\t\t\t\t\t<div class=\"elementor-button-wrapper\">\n\t\t\t<a class=\"elementor-button elementor-button-link elementor-size-sm\" href=\"tel: 41 78 214 15 45\">\n\t\t\t\t\t\t<span class=\"elementor-button-content-wrapper\">\n\t\t\t\t\t\t<span class=\"elementor-button-text\">Jetzt anrufen<\/span>\n\t\t<\/span>\n\t\t\t\t\t<\/a>\n\t\t<\/div>\n\t\t\t\t<\/div>\n\t\t\t\t<\/div>\n\t\t\t\t\t<\/div>\n\t\t\t\t<\/div>\n\t\t\t\t<\/div>\n\t\t\t\t\t<\/div>\n\t\t\t\t<\/div>\n\t\t<div class=\"elementor-element elementor-element-e47aa43 e-con-full e-flex e-con e-parent\" data-id=\"e47aa43\" data-element_type=\"container\" data-settings=\"{&quot;content_width&quot;:&quot;full&quot;,&quot;container_type&quot;:&quot;flex&quot;}\" data-core-v316-plus=\"true\">\n\t\t\t\t<div class=\"elementor-element elementor-element-f2137f6 elementor-widget elementor-widget-template\" data-id=\"f2137f6\" data-element_type=\"widget\" data-widget_type=\"template.default\">\n\t\t\t\t<div class=\"elementor-widget-container\">\n\t\t\t\t\t<div class=\"elementor-template\">\n\t\t\t\t\t<div data-elementor-type=\"container\" data-elementor-id=\"1023\" class=\"elementor elementor-1023\" data-elementor-post-type=\"elementor_library\">\n\t\t\t\t\t\t\t<div class=\"elementor-element elementor-element-57ea7332 e-flex e-con-boxed e-con e-parent\" data-id=\"57ea7332\" data-element_type=\"container\" data-settings=\"{&quot;background_background&quot;:&quot;classic&quot;,&quot;container_type&quot;:&quot;flex&quot;,&quot;content_width&quot;:&quot;boxed&quot;}\" data-core-v316-plus=\"true\">\n\t\t\t\t\t<div class=\"e-con-inner\">\n\t\t\t\t<div class=\"elementor-element elementor-element-6d25805a elementor-widget elementor-widget-heading\" data-id=\"6d25805a\" data-element_type=\"widget\" data-widget_type=\"heading.default\">\n\t\t\t\t<div class=\"elementor-widget-container\">\n\t\t\t<h2 class=\"elementor-heading-title elementor-size-default\">Kontaktoni avokatin tuaj n\u00eb Cyrih dhe Winterthur\u00a0pa\u00a0detyrim<\/h2>\t\t<\/div>\n\t\t\t\t<\/div>\n\t\t\t\t<div class=\"elementor-element elementor-element-38caeaa7 elementor-widget elementor-widget-text-editor\" data-id=\"38caeaa7\" data-element_type=\"widget\" data-widget_type=\"text-editor.default\">\n\t\t\t\t<div class=\"elementor-widget-container\">\n\t\t\t\t\t\t\t<p>Ne ju ofrojm\u00eb nj\u00eb pasqyr\u00eb t\u00eb shpejt\u00eb dhe t\u00eb qart\u00eb t\u00eb situat\u00ebs\u00a0suaj\u00a0ligjore<\/p>\t\t\t\t\t\t<\/div>\n\t\t\t\t<\/div>\n\t\t<div class=\"elementor-element elementor-element-2697e44f e-flex e-con-boxed e-con e-parent\" data-id=\"2697e44f\" data-element_type=\"container\" data-settings=\"{&quot;container_type&quot;:&quot;flex&quot;,&quot;content_width&quot;:&quot;boxed&quot;}\" data-core-v316-plus=\"true\">\n\t\t\t\t\t<div class=\"e-con-inner\">\n\t\t\t\t<div class=\"elementor-element elementor-element-43aa3f9c elementor-widget elementor-widget-heading\" data-id=\"43aa3f9c\" data-element_type=\"widget\" data-widget_type=\"heading.default\">\n\t\t\t\t<div class=\"elementor-widget-container\">\n\t\t\t<h2 class=\"elementor-heading-title elementor-size-default\">078 214 15 45<\/h2>\t\t<\/div>\n\t\t\t\t<\/div>\n\t\t\t\t<div class=\"elementor-element elementor-element-46524253 elementor-widget elementor-widget-heading\" data-id=\"46524253\" data-element_type=\"widget\" data-widget_type=\"heading.default\">\n\t\t\t\t<div class=\"elementor-widget-container\">\n\t\t\t<h2 class=\"elementor-heading-title elementor-size-default\">ose<\/h2>\t\t<\/div>\n\t\t\t\t<\/div>\n\t\t\t\t<div class=\"elementor-element elementor-element-64114709 elementor-mobile-align-center elementor-widget elementor-widget-button\" data-id=\"64114709\" data-element_type=\"widget\" data-widget_type=\"button.default\">\n\t\t\t\t<div class=\"elementor-widget-container\">\n\t\t\t\t\t<div class=\"elementor-button-wrapper\">\n\t\t\t<a class=\"elementor-button elementor-button-link elementor-size-sm\" href=\"https:\/\/anwaltskanzlei-eshrefi.ch\/sq\/kontakt\/\">\n\t\t\t\t\t\t<span class=\"elementor-button-content-wrapper\">\n\t\t\t\t\t\t<span class=\"elementor-button-icon elementor-align-icon-right\">\n\t\t\t\t<i aria-hidden=\"true\" class=\"fas fa-angle-right\"><\/i>\t\t\t<\/span>\n\t\t\t\t\t\t<span class=\"elementor-button-text\">te faqja e kontaktit<\/span>\n\t\t<\/span>\n\t\t\t\t\t<\/a>\n\t\t<\/div>\n\t\t\t\t<\/div>\n\t\t\t\t<\/div>\n\t\t\t\t\t<\/div>\n\t\t\t\t<\/div>\n\t\t\t\t\t<\/div>\n\t\t\t\t<\/div>\n\t\t\t\t\t\t\t<\/div>\n\t\t\t\t<\/div>\n\t\t\t\t<\/div>\n\t\t\t\t<\/div>\n\t\t\t\t<\/div>\n\t\t\t\t\t\t\t<\/div>","protected":false},"excerpt":{"rendered":"<p>Familienrecht Anwalt f\u00fcr Scheidung\u00a0 Unterst\u00fctzung f\u00fcr Ihre Scheidung \u2013 Wie ich Ihnen als Scheidungsanwalt zur Seite stehe Wenn Sie sich in einer Scheidung befinden und Unterst\u00fctzung ben\u00f6tigen, um Ihre Interessen gegen Ihren Ehegatten durchzusetzen, stehe ich Ihnen als erfahrener Anwalt zur Seite. Mein Ziel ist es, Sie in dieser schwierigen Zeit bestm\u00f6glich zu vertreten und [&hellip;]<\/p>","protected":false},"author":1,"featured_media":0,"parent":35,"menu_order":0,"comment_status":"closed","ping_status":"closed","template":"","meta":{"footnotes":""},"class_list":["post-2178","page","type-page","status-publish","hentry"],"_links":{"self":[{"href":"https:\/\/anwaltskanzlei-eshrefi.ch\/sq\/wp-json\/wp\/v2\/pages\/2178","targetHints":{"allow":["GET"]}}],"collection":[{"href":"https:\/\/anwaltskanzlei-eshrefi.ch\/sq\/wp-json\/wp\/v2\/pages"}],"about":[{"href":"https:\/\/anwaltskanzlei-eshrefi.ch\/sq\/wp-json\/wp\/v2\/types\/page"}],"author":[{"embeddable":true,"href":"https:\/\/anwaltskanzlei-eshrefi.ch\/sq\/wp-json\/wp\/v2\/users\/1"}],"replies":[{"embeddable":true,"href":"https:\/\/anwaltskanzlei-eshrefi.ch\/sq\/wp-json\/wp\/v2\/comments?post=2178"}],"version-history":[{"count":18,"href":"https:\/\/anwaltskanzlei-eshrefi.ch\/sq\/wp-json\/wp\/v2\/pages\/2178\/revisions"}],"predecessor-version":[{"id":2735,"href":"https:\/\/anwaltskanzlei-eshrefi.ch\/sq\/wp-json\/wp\/v2\/pages\/2178\/revisions\/2735"}],"up":[{"embeddable":true,"href":"https:\/\/anwaltskanzlei-eshrefi.ch\/sq\/wp-json\/wp\/v2\/pages\/35"}],"wp:attachment":[{"href":"https:\/\/anwaltskanzlei-eshrefi.ch\/sq\/wp-json\/wp\/v2\/media?parent=2178"}],"curies":[{"name":"wp","href":"https:\/\/api.w.org\/{rel}","templated":true}]}}